{"id":7,"date":"2022-12-21T05:00:14","date_gmt":"2022-12-21T05:00:14","guid":{"rendered":"https:\/\/invitaciones.innotecdigital.com.mx\/bautizo-ethan\/?page_id=7"},"modified":"2023-09-21T05:34:36","modified_gmt":"2023-09-21T05:34:36","slug":"home","status":"publish","type":"page","link":"https:\/\/invitaciones.innotecdigital.com.mx\/bautizo-ethan\/","title":{"rendered":"Home"},"content":{"rendered":"\t\t<div data-elementor-type=\"wp-page\" data-elementor-id=\"7\" class=\"elementor elementor-7\" data-elementor-settings=\"[]\">\n\t\t\t\t\t\t\t<div class=\"elementor-section-wrap\">\n\t\t\t\t\t\t\t<section class=\"elementor-section elementor-top-section elementor-element elementor-element-07f896a elementor-section-full_width elementor-section-height-default elementor-section-height-default elementor-invisible\" data-id=\"07f896a\" data-element_type=\"section\" data-settings=\"{&quot;animation&quot;:&quot;fadeInUp&quot;}\">\n\t\t\t\t\t\t<div class=\"elementor-container elementor-column-gap-default\">\n\t\t\t\t\t<div class=\"elementor-column elementor-col-100 elementor-top-column elementor-element elementor-element-70b6a3f\" data-id=\"70b6a3f\" data-element_type=\"column\">\n\t\t\t<div class=\"elementor-widget-wrap elementor-element-populated\">\n\t\t\t\t\t\t\t\t<div class=\"elementor-element elementor-element-eb4410d elementor-widget-divider--view-line_text elementor-widget-divider--element-align-center elementor-widget elementor-widget-divider\" data-id=\"eb4410d\" data-element_type=\"widget\" data-widget_type=\"divider.default\">\n\t\t\t\t<div class=\"elementor-widget-container\">\n\t\t\t\t\t<div class=\"elementor-divider\">\n\t\t\t<span class=\"elementor-divider-separator\">\n\t\t\t\t\t\t\t<span class=\"elementor-divider__text elementor-divider__element\">\n\t\t\t\tMi Bautizo\t\t\t\t<\/span>\n\t\t\t\t\t\t<\/span>\n\t\t<\/div>\n\t\t\t\t<\/div>\n\t\t\t\t<\/div>\n\t\t\t\t\t<\/div>\n\t\t<\/div>\n\t\t\t\t\t\t\t<\/div>\n\t\t<\/section>\n\t\t\t\t<section class=\"elementor-section elementor-top-section elementor-element elementor-element-880338d elementor-section-full_width elementor-section-height-min-height elementor-section-height-default elementor-section-items-middle elementor-invisible\" data-id=\"880338d\" data-element_type=\"section\" data-settings=\"{&quot;background_background&quot;:&quot;video&quot;,&quot;background_video_link&quot;:&quot;https:\\\/\\\/www.youtube.com\\\/watch?v=R5jIoLnL_nE&quot;,&quot;background_play_on_mobile&quot;:&quot;yes&quot;,&quot;animation&quot;:&quot;fadeIn&quot;}\">\n\t\t\t\t\t\t\t\t<div class=\"elementor-background-video-container\">\n\t\t\t\t\t\t\t\t\t\t\t\t\t<div class=\"elementor-background-video-embed\"><\/div>\n\t\t\t\t\t\t\t\t\t\t\t\t<\/div>\n\t\t\t\t\t\t\t\t<div class=\"elementor-container elementor-column-gap-default\">\n\t\t\t\t\t<div class=\"elementor-column elementor-col-100 elementor-top-column elementor-element elementor-element-3b79128\" data-id=\"3b79128\" data-element_type=\"column\">\n\t\t\t<div class=\"elementor-widget-wrap elementor-element-populated\">\n\t\t\t\t\t\t\t\t<div class=\"elementor-element elementor-element-5edda83 elementor-widget elementor-widget-image\" data-id=\"5edda83\" data-element_type=\"widget\" data-widget_type=\"image.default\">\n\t\t\t\t<div class=\"elementor-widget-container\">\n\t\t\t\t\t\t\t\t\t\t\t\t\t\t\t<img loading=\"lazy\" decoding=\"async\" width=\"720\" height=\"900\" src=\"https:\/\/invitaciones.innotecdigital.com.mx\/bautizo-ethan\/wp-content\/uploads\/sites\/2\/2022\/12\/angel-nautizo.png\" class=\"attachment-full size-full\" alt=\"\" srcset=\"https:\/\/invitaciones.innotecdigital.com.mx\/bautizo-ethan\/wp-content\/uploads\/sites\/2\/2022\/12\/angel-nautizo.png 720w, https:\/\/invitaciones.innotecdigital.com.mx\/bautizo-ethan\/wp-content\/uploads\/sites\/2\/2022\/12\/angel-nautizo-240x300.png 240w\" sizes=\"auto, (max-width: 720px) 100vw, 720px\" \/>\t\t\t\t\t\t\t\t\t\t\t\t\t\t\t<\/div>\n\t\t\t\t<\/div>\n\t\t\t\t<div class=\"elementor-element elementor-element-9aa1b8c elementor-widget elementor-widget-text-editor\" data-id=\"9aa1b8c\" data-element_type=\"widget\" data-widget_type=\"text-editor.default\">\n\t\t\t\t<div class=\"elementor-widget-container\">\n\t\t\t\t\t\t\t<p>Se\u00f1or me presentar\u00e1n ante ti para ser ba\u00f1ado con la gracia de tu amor, toma mi peque\u00f1o coraz\u00f3n entre tus benditas manos y jam\u00e1s te separes de mi, que este mi primer encuentro con Jes\u00fas sea para mi, fuente de luz en el camino de mi vida.<\/p>\t\t\t\t\t\t<\/div>\n\t\t\t\t<\/div>\n\t\t\t\t\t<\/div>\n\t\t<\/div>\n\t\t\t\t\t\t\t<\/div>\n\t\t<\/section>\n\t\t\t\t<section class=\"elementor-section elementor-top-section elementor-element elementor-element-68623ed elementor-section-boxed elementor-section-height-default elementor-section-height-default\" data-id=\"68623ed\" data-element_type=\"section\">\n\t\t\t\t\t\t<div class=\"elementor-container elementor-column-gap-default\">\n\t\t\t\t\t<div class=\"elementor-column elementor-col-50 elementor-top-column elementor-element elementor-element-0a1e4dd\" data-id=\"0a1e4dd\" data-element_type=\"column\">\n\t\t\t<div class=\"elementor-widget-wrap elementor-element-populated\">\n\t\t\t\t\t\t\t\t<div class=\"elementor-element elementor-element-92732e7 elementor-invisible elementor-widget elementor-widget-image\" data-id=\"92732e7\" data-element_type=\"widget\" data-settings=\"{&quot;_animation&quot;:&quot;fadeInLeft&quot;}\" data-widget_type=\"image.default\">\n\t\t\t\t<div class=\"elementor-widget-container\">\n\t\t\t\t\t\t\t\t\t\t\t\t\t\t\t<img loading=\"lazy\" decoding=\"async\" width=\"1024\" height=\"683\" src=\"https:\/\/invitaciones.innotecdigital.com.mx\/bautizo-ethan\/wp-content\/uploads\/sites\/2\/2022\/12\/shoes-2019560_1920-1024x683.jpg\" class=\"attachment-large size-large\" alt=\"\" srcset=\"https:\/\/invitaciones.innotecdigital.com.mx\/bautizo-ethan\/wp-content\/uploads\/sites\/2\/2022\/12\/shoes-2019560_1920-1024x683.jpg 1024w, https:\/\/invitaciones.innotecdigital.com.mx\/bautizo-ethan\/wp-content\/uploads\/sites\/2\/2022\/12\/shoes-2019560_1920-300x200.jpg 300w, https:\/\/invitaciones.innotecdigital.com.mx\/bautizo-ethan\/wp-content\/uploads\/sites\/2\/2022\/12\/shoes-2019560_1920-768x512.jpg 768w, https:\/\/invitaciones.innotecdigital.com.mx\/bautizo-ethan\/wp-content\/uploads\/sites\/2\/2022\/12\/shoes-2019560_1920-1536x1024.jpg 1536w, https:\/\/invitaciones.innotecdigital.com.mx\/bautizo-ethan\/wp-content\/uploads\/sites\/2\/2022\/12\/shoes-2019560_1920.jpg 1920w\" sizes=\"auto, (max-width: 1024px) 100vw, 1024px\" \/>\t\t\t\t\t\t\t\t\t\t\t\t\t\t\t<\/div>\n\t\t\t\t<\/div>\n\t\t\t\t\t<\/div>\n\t\t<\/div>\n\t\t\t\t<div class=\"elementor-column elementor-col-50 elementor-top-column elementor-element elementor-element-42e5644 elementor-invisible\" data-id=\"42e5644\" data-element_type=\"column\" data-settings=\"{&quot;background_background&quot;:&quot;classic&quot;,&quot;animation&quot;:&quot;fadeInRight&quot;}\">\n\t\t\t<div class=\"elementor-widget-wrap elementor-element-populated\">\n\t\t\t\t\t\t\t\t<div class=\"elementor-element elementor-element-77ee289 elementor-widget elementor-widget-heading\" data-id=\"77ee289\" data-element_type=\"widget\" data-widget_type=\"heading.default\">\n\t\t\t\t<div class=\"elementor-widget-container\">\n\t\t\t<h2 class=\"elementor-heading-title elementor-size-default\">Mi Madrina<\/h2>\t\t<\/div>\n\t\t\t\t<\/div>\n\t\t\t\t<div class=\"elementor-element elementor-element-b5f864e elementor-widget elementor-widget-text-editor\" data-id=\"b5f864e\" data-element_type=\"widget\" data-widget_type=\"text-editor.default\">\n\t\t\t\t<div class=\"elementor-widget-container\">\n\t\t\t\t\t\t\t<p>Nadia Arrazola M\u00e9ndez<\/p>\t\t\t\t\t\t<\/div>\n\t\t\t\t<\/div>\n\t\t\t\t<div class=\"elementor-element elementor-element-39225c9 elementor-widget elementor-widget-heading\" data-id=\"39225c9\" data-element_type=\"widget\" data-widget_type=\"heading.default\">\n\t\t\t\t<div class=\"elementor-widget-container\">\n\t\t\t<h2 class=\"elementor-heading-title elementor-size-default\">Mis Padres<\/h2>\t\t<\/div>\n\t\t\t\t<\/div>\n\t\t\t\t<div class=\"elementor-element elementor-element-b169d3b elementor-widget elementor-widget-text-editor\" data-id=\"b169d3b\" data-element_type=\"widget\" data-widget_type=\"text-editor.default\">\n\t\t\t\t<div class=\"elementor-widget-container\">\n\t\t\t\t\t\t\t<p>Angelica Pineda Ortiz &amp; Edward L\u00f3pez Mart\u00ednez\u00a0<\/p>\t\t\t\t\t\t<\/div>\n\t\t\t\t<\/div>\n\t\t\t\t<div class=\"elementor-element elementor-element-adb27ea elementor-hidden-desktop elementor-hidden-tablet elementor-invisible elementor-widget elementor-widget-image\" data-id=\"adb27ea\" data-element_type=\"widget\" data-settings=\"{&quot;_animation&quot;:&quot;fadeInLeft&quot;}\" data-widget_type=\"image.default\">\n\t\t\t\t<div class=\"elementor-widget-container\">\n\t\t\t\t\t\t\t\t\t\t\t\t\t\t\t<img loading=\"lazy\" decoding=\"async\" width=\"1024\" height=\"777\" src=\"https:\/\/invitaciones.innotecdigital.com.mx\/bautizo-ethan\/wp-content\/uploads\/sites\/2\/2022\/12\/baptism-1024x777.jpg\" class=\"attachment-large size-large\" alt=\"\" srcset=\"https:\/\/invitaciones.innotecdigital.com.mx\/bautizo-ethan\/wp-content\/uploads\/sites\/2\/2022\/12\/baptism-1024x777.jpg 1024w, https:\/\/invitaciones.innotecdigital.com.mx\/bautizo-ethan\/wp-content\/uploads\/sites\/2\/2022\/12\/baptism-300x228.jpg 300w, https:\/\/invitaciones.innotecdigital.com.mx\/bautizo-ethan\/wp-content\/uploads\/sites\/2\/2022\/12\/baptism-768x583.jpg 768w, https:\/\/invitaciones.innotecdigital.com.mx\/bautizo-ethan\/wp-content\/uploads\/sites\/2\/2022\/12\/baptism-1536x1166.jpg 1536w, https:\/\/invitaciones.innotecdigital.com.mx\/bautizo-ethan\/wp-content\/uploads\/sites\/2\/2022\/12\/baptism-2048x1555.jpg 2048w\" sizes=\"auto, (max-width: 1024px) 100vw, 1024px\" \/>\t\t\t\t\t\t\t\t\t\t\t\t\t\t\t<\/div>\n\t\t\t\t<\/div>\n\t\t\t\t\t<\/div>\n\t\t<\/div>\n\t\t\t\t\t\t\t<\/div>\n\t\t<\/section>\n\t\t\t\t<section class=\"elementor-section elementor-top-section elementor-element elementor-element-bd1d265 elementor-section-boxed elementor-section-height-default elementor-section-height-default\" data-id=\"bd1d265\" data-element_type=\"section\">\n\t\t\t\t\t\t<div class=\"elementor-container elementor-column-gap-default\">\n\t\t\t\t\t<div class=\"elementor-column elementor-col-50 elementor-top-column elementor-element elementor-element-a8a4606 elementor-invisible\" data-id=\"a8a4606\" data-element_type=\"column\" data-settings=\"{&quot;animation&quot;:&quot;fadeInLeft&quot;}\">\n\t\t\t<div class=\"elementor-widget-wrap elementor-element-populated\">\n\t\t\t\t\t\t\t\t<div class=\"elementor-element elementor-element-24edf47 elementor-widget elementor-widget-heading\" data-id=\"24edf47\" data-element_type=\"widget\" data-widget_type=\"heading.default\">\n\t\t\t\t<div class=\"elementor-widget-container\">\n\t\t\t<h2 class=\"elementor-heading-title elementor-size-default\">Misa<\/h2>\t\t<\/div>\n\t\t\t\t<\/div>\n\t\t\t\t<div class=\"elementor-element elementor-element-e9291f6 elementor-widget elementor-widget-text-editor\" data-id=\"e9291f6\" data-element_type=\"widget\" data-widget_type=\"text-editor.default\">\n\t\t\t\t<div class=\"elementor-widget-container\">\n\t\t\t\t\t\t\t<p>Iglesia de San Mateo Ap\u00f3stol.<br \/>Hora: 12:00 PM<br \/>Tehuac\u00e1n Puebla, colonia Centro<\/p>\t\t\t\t\t\t<\/div>\n\t\t\t\t<\/div>\n\t\t\t\t<div class=\"elementor-element elementor-element-c1027d9 elementor-align-center elementor-widget elementor-widget-button\" data-id=\"c1027d9\" data-element_type=\"widget\" data-widget_type=\"button.default\">\n\t\t\t\t<div class=\"elementor-widget-container\">\n\t\t\t\t\t<div class=\"elementor-button-wrapper\">\n\t\t\t<a href=\"https:\/\/www.google.com.mx\/maps\/place\/San+Mateo+Yoloxochitlan\/@18.1428051,-96.8686494,18.75z\/data=!4m13!1m7!3m6!1s0x85c43ae25c5f1f53:0x92e2ffc36afd4f51!2sSan+Mateo+Yoloxochitl%C3%A1n,+Oax.!3b1!8m2!3d18.1417317!4d-96.8678534!3m4!1s0x85c43b44c0ea6ae9:0xe052bdda56a4333c!8m2!3d18.143384!4d-96.8683242\" target=\"_blank\" class=\"elementor-button-link elementor-button elementor-size-sm\" role=\"button\">\n\t\t\t\t\t\t<span class=\"elementor-button-content-wrapper\">\n\t\t\t\t\t\t<span class=\"elementor-button-icon elementor-align-icon-right\">\n\t\t\t\t<i aria-hidden=\"true\" class=\"fas fa-map-marker-alt\"><\/i>\t\t\t<\/span>\n\t\t\t\t\t\t<span class=\"elementor-button-text\">Ver mapa <\/span>\n\t\t<\/span>\n\t\t\t\t\t<\/a>\n\t\t<\/div>\n\t\t\t\t<\/div>\n\t\t\t\t<\/div>\n\t\t\t\t\t<\/div>\n\t\t<\/div>\n\t\t\t\t<div class=\"elementor-column elementor-col-50 elementor-top-column elementor-element elementor-element-1c7cb21\" data-id=\"1c7cb21\" data-element_type=\"column\">\n\t\t\t<div class=\"elementor-widget-wrap elementor-element-populated\">\n\t\t\t\t\t\t\t\t<div class=\"elementor-element elementor-element-1efe695 elementor-invisible elementor-widget elementor-widget-image\" data-id=\"1efe695\" data-element_type=\"widget\" data-settings=\"{&quot;_animation&quot;:&quot;fadeInRight&quot;}\" data-widget_type=\"image.default\">\n\t\t\t\t<div class=\"elementor-widget-container\">\n\t\t\t\t\t\t\t\t\t\t\t\t\t\t\t<img loading=\"lazy\" decoding=\"async\" width=\"626\" height=\"417\" src=\"https:\/\/invitaciones.innotecdigital.com.mx\/bautizo-ethan\/wp-content\/uploads\/sites\/2\/2023\/09\/iglesia-demo.jpg\" class=\"attachment-full size-full\" alt=\"\" srcset=\"https:\/\/invitaciones.innotecdigital.com.mx\/bautizo-ethan\/wp-content\/uploads\/sites\/2\/2023\/09\/iglesia-demo.jpg 626w, https:\/\/invitaciones.innotecdigital.com.mx\/bautizo-ethan\/wp-content\/uploads\/sites\/2\/2023\/09\/iglesia-demo-300x200.jpg 300w\" sizes=\"auto, (max-width: 626px) 100vw, 626px\" \/>\t\t\t\t\t\t\t\t\t\t\t\t\t\t\t<\/div>\n\t\t\t\t<\/div>\n\t\t\t\t\t<\/div>\n\t\t<\/div>\n\t\t\t\t\t\t\t<\/div>\n\t\t<\/section>\n\t\t\t\t<section class=\"elementor-section elementor-top-section elementor-element elementor-element-2607c36 elementor-reverse-mobile elementor-section-boxed elementor-section-height-default elementor-section-height-default\" data-id=\"2607c36\" data-element_type=\"section\">\n\t\t\t\t\t\t<div class=\"elementor-container elementor-column-gap-default\">\n\t\t\t\t\t<div class=\"elementor-column elementor-col-50 elementor-top-column elementor-element elementor-element-860c917\" data-id=\"860c917\" data-element_type=\"column\">\n\t\t\t<div class=\"elementor-widget-wrap elementor-element-populated\">\n\t\t\t\t\t\t\t\t<div class=\"elementor-element elementor-element-643b10b elementor-invisible elementor-widget elementor-widget-image\" data-id=\"643b10b\" data-element_type=\"widget\" data-settings=\"{&quot;_animation&quot;:&quot;fadeInLeft&quot;}\" data-widget_type=\"image.default\">\n\t\t\t\t<div class=\"elementor-widget-container\">\n\t\t\t\t\t\t\t\t\t\t\t\t\t\t\t<img loading=\"lazy\" decoding=\"async\" width=\"740\" height=\"480\" src=\"https:\/\/invitaciones.innotecdigital.com.mx\/bautizo-ethan\/wp-content\/uploads\/sites\/2\/2023\/09\/salon-fiesta.jpg\" class=\"attachment-full size-full\" alt=\"\" srcset=\"https:\/\/invitaciones.innotecdigital.com.mx\/bautizo-ethan\/wp-content\/uploads\/sites\/2\/2023\/09\/salon-fiesta.jpg 740w, https:\/\/invitaciones.innotecdigital.com.mx\/bautizo-ethan\/wp-content\/uploads\/sites\/2\/2023\/09\/salon-fiesta-300x195.jpg 300w\" sizes=\"auto, (max-width: 740px) 100vw, 740px\" \/>\t\t\t\t\t\t\t\t\t\t\t\t\t\t\t<\/div>\n\t\t\t\t<\/div>\n\t\t\t\t\t<\/div>\n\t\t<\/div>\n\t\t\t\t<div class=\"elementor-column elementor-col-50 elementor-top-column elementor-element elementor-element-2f64b17 elementor-invisible\" data-id=\"2f64b17\" data-element_type=\"column\" data-settings=\"{&quot;animation&quot;:&quot;fadeInRight&quot;}\">\n\t\t\t<div class=\"elementor-widget-wrap elementor-element-populated\">\n\t\t\t\t\t\t\t\t<div class=\"elementor-element elementor-element-1416e96 elementor-widget elementor-widget-heading\" data-id=\"1416e96\" data-element_type=\"widget\" data-widget_type=\"heading.default\">\n\t\t\t\t<div class=\"elementor-widget-container\">\n\t\t\t<h2 class=\"elementor-heading-title elementor-size-default\">La Fiesta<\/h2>\t\t<\/div>\n\t\t\t\t<\/div>\n\t\t\t\t<div class=\"elementor-element elementor-element-8e41fab elementor-widget elementor-widget-text-editor\" data-id=\"8e41fab\" data-element_type=\"widget\" data-widget_type=\"text-editor.default\">\n\t\t\t\t<div class=\"elementor-widget-container\">\n\t\t\t\t\t\t\t<p>Hotel Boutique &#8220;Los olivos&#8221;<br \/>Calle 37 Oriente S\/N Colonia centro<br \/>Tehuac\u00e1n, Puebla.<br \/>Hora: 15:00 PM<\/p>\t\t\t\t\t\t<\/div>\n\t\t\t\t<\/div>\n\t\t\t\t<div class=\"elementor-element elementor-element-6eda6af elementor-align-center elementor-widget elementor-widget-button\" data-id=\"6eda6af\" data-element_type=\"widget\" data-widget_type=\"button.default\">\n\t\t\t\t<div class=\"elementor-widget-container\">\n\t\t\t\t\t<div class=\"elementor-button-wrapper\">\n\t\t\t<a href=\"https:\/\/goo.gl\/maps\/vCcFZ2Z8sjb2wQBy8\" target=\"_blank\" class=\"elementor-button-link elementor-button elementor-size-sm\" role=\"button\">\n\t\t\t\t\t\t<span class=\"elementor-button-content-wrapper\">\n\t\t\t\t\t\t<span class=\"elementor-button-icon elementor-align-icon-right\">\n\t\t\t\t<i aria-hidden=\"true\" class=\"fas fa-map-marker-alt\"><\/i>\t\t\t<\/span>\n\t\t\t\t\t\t<span class=\"elementor-button-text\">Ver mapa <\/span>\n\t\t<\/span>\n\t\t\t\t\t<\/a>\n\t\t<\/div>\n\t\t\t\t<\/div>\n\t\t\t\t<\/div>\n\t\t\t\t\t<\/div>\n\t\t<\/div>\n\t\t\t\t\t\t\t<\/div>\n\t\t<\/section>\n\t\t\t\t\t\t<\/div>\n\t\t\t\t\t<\/div>\n\t\t","protected":false},"excerpt":{"rendered":"<p>Mi Bautizo Se\u00f1or me presentar\u00e1n ante ti para ser ba\u00f1ado con la gracia de tu amor, toma mi peque\u00f1o coraz\u00f3n entre tus benditas manos y jam\u00e1s te separes de mi, que este mi primer encuentro con Jes\u00fas sea para mi, fuente de luz en el camino de mi vida. Mi Madrina Nadia Arrazola M\u00e9ndez Mis &#8230; <a title=\"Home\" class=\"read-more\" href=\"https:\/\/invitaciones.innotecdigital.com.mx\/bautizo-ethan\/\" aria-label=\"Leer m\u00e1s sobre Home\">Leer m\u00e1s<\/a><\/p>\n","protected":false},"author":1,"featured_media":0,"parent":0,"menu_order":0,"comment_status":"closed","ping_status":"closed","template":"elementor_header_footer","meta":{"footnotes":""},"categories":[],"tags":[],"class_list":["post-7","page","type-page","status-publish"],"yoast_head":"<!-- This site is optimized with the Yoast SEO plugin v25.9 - https:\/\/yoast.com\/wordpress\/plugins\/seo\/ -->\n<title>Home - Mi Bautizo - Ethan<\/title>\n<meta name=\"robots\" content=\"index, follow, max-snippet:-1, max-image-preview:large, max-video-preview:-1\" \/>\n<link rel=\"canonical\" href=\"https:\/\/invitaciones.innotecdigital.com.mx\/bautizo-ethan\/\" \/>\n<meta property=\"og:locale\" content=\"es_MX\" \/>\n<meta property=\"og:type\" content=\"article\" \/>\n<meta property=\"og:title\" content=\"Home - Mi Bautizo - Ethan\" \/>\n<meta property=\"og:description\" content=\"Mi Bautizo Se\u00f1or me presentar\u00e1n ante ti para ser ba\u00f1ado con la gracia de tu amor, toma mi peque\u00f1o coraz\u00f3n entre tus benditas manos y jam\u00e1s te separes de mi, que este mi primer encuentro con Jes\u00fas sea para mi, fuente de luz en el camino de mi vida. Mi Madrina Nadia Arrazola M\u00e9ndez Mis ... Leer m\u00e1s\" \/>\n<meta property=\"og:url\" content=\"https:\/\/invitaciones.innotecdigital.com.mx\/bautizo-ethan\/\" \/>\n<meta property=\"og:site_name\" content=\"Mi Bautizo - Ethan\" \/>\n<meta property=\"article:modified_time\" content=\"2023-09-21T05:34:36+00:00\" \/>\n<meta property=\"og:image\" content=\"https:\/\/invitaciones.innotecdigital.com.mx\/bautizo-ethan\/wp-content\/uploads\/sites\/2\/2022\/12\/angel-nautizo.png\" \/>\n<meta name=\"twitter:card\" content=\"summary_large_image\" \/>\n<meta name=\"twitter:label1\" content=\"Tiempo de lectura\" \/>\n\t<meta name=\"twitter:data1\" content=\"2 minutos\" \/>\n<script type=\"application\/ld+json\" class=\"yoast-schema-graph\">{\"@context\":\"https:\/\/schema.org\",\"@graph\":[{\"@type\":\"WebPage\",\"@id\":\"https:\/\/invitaciones.innotecdigital.com.mx\/bautizo-ethan\/\",\"url\":\"https:\/\/invitaciones.innotecdigital.com.mx\/bautizo-ethan\/\",\"name\":\"Home - Mi Bautizo - Ethan\",\"isPartOf\":{\"@id\":\"https:\/\/invitaciones.innotecdigital.com.mx\/bautizo-ethan\/#website\"},\"primaryImageOfPage\":{\"@id\":\"https:\/\/invitaciones.innotecdigital.com.mx\/bautizo-ethan\/#primaryimage\"},\"image\":{\"@id\":\"https:\/\/invitaciones.innotecdigital.com.mx\/bautizo-ethan\/#primaryimage\"},\"thumbnailUrl\":\"https:\/\/invitaciones.innotecdigital.com.mx\/bautizo-ethan\/wp-content\/uploads\/sites\/2\/2022\/12\/angel-nautizo.png\",\"datePublished\":\"2022-12-21T05:00:14+00:00\",\"dateModified\":\"2023-09-21T05:34:36+00:00\",\"breadcrumb\":{\"@id\":\"https:\/\/invitaciones.innotecdigital.com.mx\/bautizo-ethan\/#breadcrumb\"},\"inLanguage\":\"es\",\"potentialAction\":[{\"@type\":\"ReadAction\",\"target\":[\"https:\/\/invitaciones.innotecdigital.com.mx\/bautizo-ethan\/\"]}]},{\"@type\":\"ImageObject\",\"inLanguage\":\"es\",\"@id\":\"https:\/\/invitaciones.innotecdigital.com.mx\/bautizo-ethan\/#primaryimage\",\"url\":\"https:\/\/invitaciones.innotecdigital.com.mx\/bautizo-ethan\/wp-content\/uploads\/sites\/2\/2022\/12\/angel-nautizo.png\",\"contentUrl\":\"https:\/\/invitaciones.innotecdigital.com.mx\/bautizo-ethan\/wp-content\/uploads\/sites\/2\/2022\/12\/angel-nautizo.png\",\"width\":720,\"height\":900},{\"@type\":\"BreadcrumbList\",\"@id\":\"https:\/\/invitaciones.innotecdigital.com.mx\/bautizo-ethan\/#breadcrumb\",\"itemListElement\":[{\"@type\":\"ListItem\",\"position\":1,\"name\":\"Inicio\",\"item\":\"https:\/\/invitaciones.innotecdigital.com.mx\/bautizo-ethan\/\"},{\"@type\":\"ListItem\",\"position\":2,\"name\":\"Home\"}]},{\"@type\":\"WebSite\",\"@id\":\"https:\/\/invitaciones.innotecdigital.com.mx\/bautizo-ethan\/#website\",\"url\":\"https:\/\/invitaciones.innotecdigital.com.mx\/bautizo-ethan\/\",\"name\":\"Mi Bautizo - Ethan\",\"description\":\"\",\"potentialAction\":[{\"@type\":\"SearchAction\",\"target\":{\"@type\":\"EntryPoint\",\"urlTemplate\":\"https:\/\/invitaciones.innotecdigital.com.mx\/bautizo-ethan\/?s={search_term_string}\"},\"query-input\":{\"@type\":\"PropertyValueSpecification\",\"valueRequired\":true,\"valueName\":\"search_term_string\"}}],\"inLanguage\":\"es\"}]}<\/script>\n<!-- \/ Yoast SEO plugin. -->","yoast_head_json":{"title":"Home - Mi Bautizo - Ethan","robots":{"index":"index","follow":"follow","max-snippet":"max-snippet:-1","max-image-preview":"max-image-preview:large","max-video-preview":"max-video-preview:-1"},"canonical":"https:\/\/invitaciones.innotecdigital.com.mx\/bautizo-ethan\/","og_locale":"es_MX","og_type":"article","og_title":"Home - Mi Bautizo - Ethan","og_description":"Mi Bautizo Se\u00f1or me presentar\u00e1n ante ti para ser ba\u00f1ado con la gracia de tu amor, toma mi peque\u00f1o coraz\u00f3n entre tus benditas manos y jam\u00e1s te separes de mi, que este mi primer encuentro con Jes\u00fas sea para mi, fuente de luz en el camino de mi vida. Mi Madrina Nadia Arrazola M\u00e9ndez Mis ... Leer m\u00e1s","og_url":"https:\/\/invitaciones.innotecdigital.com.mx\/bautizo-ethan\/","og_site_name":"Mi Bautizo - Ethan","article_modified_time":"2023-09-21T05:34:36+00:00","og_image":[{"url":"https:\/\/invitaciones.innotecdigital.com.mx\/bautizo-ethan\/wp-content\/uploads\/sites\/2\/2022\/12\/angel-nautizo.png","type":"","width":"","height":""}],"twitter_card":"summary_large_image","twitter_misc":{"Tiempo de lectura":"2 minutos"},"schema":{"@context":"https:\/\/schema.org","@graph":[{"@type":"WebPage","@id":"https:\/\/invitaciones.innotecdigital.com.mx\/bautizo-ethan\/","url":"https:\/\/invitaciones.innotecdigital.com.mx\/bautizo-ethan\/","name":"Home - Mi Bautizo - Ethan","isPartOf":{"@id":"https:\/\/invitaciones.innotecdigital.com.mx\/bautizo-ethan\/#website"},"primaryImageOfPage":{"@id":"https:\/\/invitaciones.innotecdigital.com.mx\/bautizo-ethan\/#primaryimage"},"image":{"@id":"https:\/\/invitaciones.innotecdigital.com.mx\/bautizo-ethan\/#primaryimage"},"thumbnailUrl":"https:\/\/invitaciones.innotecdigital.com.mx\/bautizo-ethan\/wp-content\/uploads\/sites\/2\/2022\/12\/angel-nautizo.png","datePublished":"2022-12-21T05:00:14+00:00","dateModified":"2023-09-21T05:34:36+00:00","breadcrumb":{"@id":"https:\/\/invitaciones.innotecdigital.com.mx\/bautizo-ethan\/#breadcrumb"},"inLanguage":"es","potentialAction":[{"@type":"ReadAction","target":["https:\/\/invitaciones.innotecdigital.com.mx\/bautizo-ethan\/"]}]},{"@type":"ImageObject","inLanguage":"es","@id":"https:\/\/invitaciones.innotecdigital.com.mx\/bautizo-ethan\/#primaryimage","url":"https:\/\/invitaciones.innotecdigital.com.mx\/bautizo-ethan\/wp-content\/uploads\/sites\/2\/2022\/12\/angel-nautizo.png","contentUrl":"https:\/\/invitaciones.innotecdigital.com.mx\/bautizo-ethan\/wp-content\/uploads\/sites\/2\/2022\/12\/angel-nautizo.png","width":720,"height":900},{"@type":"BreadcrumbList","@id":"https:\/\/invitaciones.innotecdigital.com.mx\/bautizo-ethan\/#breadcrumb","itemListElement":[{"@type":"ListItem","position":1,"name":"Inicio","item":"https:\/\/invitaciones.innotecdigital.com.mx\/bautizo-ethan\/"},{"@type":"ListItem","position":2,"name":"Home"}]},{"@type":"WebSite","@id":"https:\/\/invitaciones.innotecdigital.com.mx\/bautizo-ethan\/#website","url":"https:\/\/invitaciones.innotecdigital.com.mx\/bautizo-ethan\/","name":"Mi Bautizo - Ethan","description":"","potentialAction":[{"@type":"SearchAction","target":{"@type":"EntryPoint","urlTemplate":"https:\/\/invitaciones.innotecdigital.com.mx\/bautizo-ethan\/?s={search_term_string}"},"query-input":{"@type":"PropertyValueSpecification","valueRequired":true,"valueName":"search_term_string"}}],"inLanguage":"es"}]}},"_links":{"self":[{"href":"https:\/\/invitaciones.innotecdigital.com.mx\/bautizo-ethan\/wp-json\/wp\/v2\/pages\/7","targetHints":{"allow":["GET"]}}],"collection":[{"href":"https:\/\/invitaciones.innotecdigital.com.mx\/bautizo-ethan\/wp-json\/wp\/v2\/pages"}],"about":[{"href":"https:\/\/invitaciones.innotecdigital.com.mx\/bautizo-ethan\/wp-json\/wp\/v2\/types\/page"}],"author":[{"embeddable":true,"href":"https:\/\/invitaciones.innotecdigital.com.mx\/bautizo-ethan\/wp-json\/wp\/v2\/users\/1"}],"replies":[{"embeddable":true,"href":"https:\/\/invitaciones.innotecdigital.com.mx\/bautizo-ethan\/wp-json\/wp\/v2\/comments?post=7"}],"version-history":[{"count":88,"href":"https:\/\/invitaciones.innotecdigital.com.mx\/bautizo-ethan\/wp-json\/wp\/v2\/pages\/7\/revisions"}],"predecessor-version":[{"id":180,"href":"https:\/\/invitaciones.innotecdigital.com.mx\/bautizo-ethan\/wp-json\/wp\/v2\/pages\/7\/revisions\/180"}],"wp:attachment":[{"href":"https:\/\/invitaciones.innotecdigital.com.mx\/bautizo-ethan\/wp-json\/wp\/v2\/media?parent=7"}],"wp:term":[{"taxonomy":"category","embeddable":true,"href":"https:\/\/invitaciones.innotecdigital.com.mx\/bautizo-ethan\/wp-json\/wp\/v2\/categories?post=7"},{"taxonomy":"post_tag","embeddable":true,"href":"https:\/\/invitaciones.innotecdigital.com.mx\/bautizo-ethan\/wp-json\/wp\/v2\/tags?post=7"}],"curies":[{"name":"wp","href":"https:\/\/api.w.org\/{rel}","templated":true}]}}